{"id":9,"date":"2020-07-12T12:18:28","date_gmt":"2020-07-12T12:18:28","guid":{"rendered":"https:\/\/crowder.live\/?page_id=9"},"modified":"2026-01-28T11:51:47","modified_gmt":"2026-01-28T09:51:47","slug":"about","status":"publish","type":"page","link":"https:\/\/crowder.live\/","title":{"rendered":"Leistungen"},"content":{"rendered":"\n<div id=\"wp-block-themeisle-blocks-advanced-columns-2947b2db\" class=\"wp-block-themeisle-blocks-advanced-columns has-2-columns has-desktop-equal-layout has-tablet-collapsedRows-layout has-mobile-collapsedRows-layout has-reverse-columns-tablet has-reverse-columns-mobile has-vertical-center has-default-gap ticss-11b5b7a8\"><div class=\"wp-block-themeisle-blocks-advanced-columns-overlay\"><\/div><div class=\"innerblocks-wrap\">\n<div id=\"wp-block-themeisle-blocks-advanced-column-8055c47c\" class=\"wp-block-themeisle-blocks-advanced-column\">\n<h2 class=\"wp-block-heading has-text-align-right has-accent-color has-text-color\">Online-Events<\/h2>\n\n\n\n<p class=\"has-text-align-right\">Sie m\u00f6chten Ihr n\u00e4chstes Online-Event etwas vom gew\u00f6hnlichen Webinar-Format oder Meeting-Format abheben? <\/p>\n\n\n\n<p class=\"has-text-align-right\">Zum Beispiel mit einer Simultan-\u00dcbersetzung oder einem Live-Streaming auf einer Partnerplattform, um Ihrer Reichweite zu erh\u00f6hen?<\/p>\n<\/div>\n\n\n\n<div id=\"wp-block-themeisle-blocks-advanced-column-e1374c86\" class=\"wp-block-themeisle-blocks-advanced-column animated slideInRight\">\n<figure class=\"wp-block-image size-large\"><img loading=\"lazy\" decoding=\"async\" width=\"1024\" height=\"917\" src=\"https:\/\/crowder.live\/wp-content\/uploads\/2023\/06\/vectorstock_31584039_transparent-1024x917.png\" alt=\"\" class=\"wp-image-254\" srcset=\"https:\/\/crowder.live\/wp-content\/uploads\/2023\/06\/vectorstock_31584039_transparent-1024x917.png 1024w, https:\/\/crowder.live\/wp-content\/uploads\/2023\/06\/vectorstock_31584039_transparent-300x269.png 300w, https:\/\/crowder.live\/wp-content\/uploads\/2023\/06\/vectorstock_31584039_transparent-768x687.png 768w, https:\/\/crowder.live\/wp-content\/uploads\/2023\/06\/vectorstock_31584039_transparent-1536x1375.png 1536w, https:\/\/crowder.live\/wp-content\/uploads\/2023\/06\/vectorstock_31584039_transparent-2048x1833.png 2048w, https:\/\/crowder.live\/wp-content\/uploads\/2023\/06\/vectorstock_31584039_transparent-1200x1074.png 1200w, https:\/\/crowder.live\/wp-content\/uploads\/2023\/06\/vectorstock_31584039_transparent-1980x1772.png 1980w, https:\/\/crowder.live\/wp-content\/uploads\/2023\/06\/vectorstock_31584039_transparent-1320x1182.png 1320w\" sizes=\"auto, (max-width: 1024px) 100vw, 1024px\" \/><\/figure>\n<\/div>\n<\/div><\/div>\n\n\n\n<div id=\"wp-block-themeisle-blocks-advanced-columns-7f100fa2\" class=\"wp-block-themeisle-blocks-advanced-columns has-2-columns has-desktop-equal-layout has-tablet-collapsedRows-layout has-mobile-collapsedRows-layout has-reverse-columns-tablet has-reverse-columns-mobile has-vertical-center has-default-gap ticss-31e04bdd\"><div class=\"wp-block-themeisle-blocks-advanced-columns-overlay\"><\/div><div class=\"innerblocks-wrap\">\n<div id=\"wp-block-themeisle-blocks-advanced-column-2048ff1b\" class=\"wp-block-themeisle-blocks-advanced-column animated slideInLeft\">\n<figure class=\"wp-block-image size-large\"><img loading=\"lazy\" decoding=\"async\" width=\"1024\" height=\"992\" src=\"https:\/\/crowder.live\/wp-content\/uploads\/2023\/06\/vectorstock_31584054_transparent-1024x992.png\" alt=\"\" class=\"wp-image-255\" srcset=\"https:\/\/crowder.live\/wp-content\/uploads\/2023\/06\/vectorstock_31584054_transparent-1024x992.png 1024w, https:\/\/crowder.live\/wp-content\/uploads\/2023\/06\/vectorstock_31584054_transparent-300x291.png 300w, https:\/\/crowder.live\/wp-content\/uploads\/2023\/06\/vectorstock_31584054_transparent-768x744.png 768w, https:\/\/crowder.live\/wp-content\/uploads\/2023\/06\/vectorstock_31584054_transparent-1536x1488.png 1536w, https:\/\/crowder.live\/wp-content\/uploads\/2023\/06\/vectorstock_31584054_transparent-2048x1984.png 2048w, https:\/\/crowder.live\/wp-content\/uploads\/2023\/06\/vectorstock_31584054_transparent-1200x1163.png 1200w, https:\/\/crowder.live\/wp-content\/uploads\/2023\/06\/vectorstock_31584054_transparent-1980x1918.png 1980w, https:\/\/crowder.live\/wp-content\/uploads\/2023\/06\/vectorstock_31584054_transparent-1320x1279.png 1320w\" sizes=\"auto, (max-width: 1024px) 100vw, 1024px\" \/><\/figure>\n<\/div>\n\n\n\n<div id=\"wp-block-themeisle-blocks-advanced-column-82fbf73d\" class=\"wp-block-themeisle-blocks-advanced-column\">\n<h2 class=\"wp-block-heading has-accent-color has-text-color\">Video-Produktion<\/h2>\n\n\n\n<p class=\"has-text-align-left\">Wir streamen Ihre Veranstaltung auf eine eigens f\u00fcr Sie produzierte Landingpage, oder in ihre eigene Web-Produktion. Ganz wie sie wollen. <\/p>\n\n\n\n<p class=\"has-text-align-left\">Zus\u00e4tzliche Elemente wie animierte Bauchbinden, Video-Einpieler, Count-Down, Highlight von Sponsoren usw. binden wir gern in ihre Veranstaltung ein.<\/p>\n<\/div>\n<\/div><\/div>\n\n\n\n<div id=\"wp-block-themeisle-blocks-advanced-columns-202e1474\" class=\"wp-block-themeisle-blocks-advanced-columns has-2-columns has-desktop-equal-layout has-tablet-collapsedRows-layout has-mobile-collapsedRows-layout has-reverse-columns-tablet has-reverse-columns-mobile has-vertical-center has-default-gap ticss-11b5b7a8\"><div class=\"wp-block-themeisle-blocks-advanced-columns-overlay\"><\/div><div class=\"innerblocks-wrap\">\n<div id=\"wp-block-themeisle-blocks-advanced-column-069a6303\" class=\"wp-block-themeisle-blocks-advanced-column\">\n<h2 class=\"wp-block-heading has-text-align-right has-accent-color has-text-color\">Vor- &amp; Nachproduktion<\/h2>\n\n\n\n<p class=\"has-text-align-right\">Gern kl\u00e4ren wir f\u00fcr Sie die technische Umgebung ihrer virtuellen Teilnehmer vor der Veranstaltung ab und binden diese in Ihr Vor-Ort-Setup ein.<\/p>\n\n\n\n<p class=\"has-text-align-right\">Ein ausf\u00fchrlicher Bericht und der Schnitt von aufgenommenem Videomaterial runden unser Portfolio ab.<\/p>\n<\/div>\n\n\n\n<div id=\"wp-block-themeisle-blocks-advanced-column-49dcc165\" class=\"wp-block-themeisle-blocks-advanced-column animated slideInRight\">\n<figure class=\"wp-block-image size-full\"><img loading=\"lazy\" decoding=\"async\" width=\"963\" height=\"931\" src=\"https:\/\/crowder.live\/wp-content\/uploads\/2023\/06\/crushpixel-2263473-ID2263473-1280x1280-1.jpg\" alt=\"\" class=\"wp-image-282\" srcset=\"https:\/\/crowder.live\/wp-content\/uploads\/2023\/06\/crushpixel-2263473-ID2263473-1280x1280-1.jpg 963w, https:\/\/crowder.live\/wp-content\/uploads\/2023\/06\/crushpixel-2263473-ID2263473-1280x1280-1-300x290.jpg 300w, https:\/\/crowder.live\/wp-content\/uploads\/2023\/06\/crushpixel-2263473-ID2263473-1280x1280-1-768x742.jpg 768w\" sizes=\"auto, (max-width: 963px) 100vw, 963px\" \/><\/figure>\n<\/div>\n<\/div><\/div>\n\n\n\n<div id=\"wp-block-themeisle-blocks-advanced-columns-554ef33b\" class=\"wp-block-themeisle-blocks-advanced-columns has-2-columns has-desktop-equal-layout has-tablet-collapsedRows-layout has-mobile-collapsedRows-layout has-reverse-columns-tablet has-reverse-columns-mobile has-vertical-center has-default-gap\"><div class=\"wp-block-themeisle-blocks-advanced-columns-overlay\"><\/div><div class=\"innerblocks-wrap\">\n<div id=\"wp-block-themeisle-blocks-advanced-column-b7a76415\" class=\"wp-block-themeisle-blocks-advanced-column animated slideInLeft\">\n<figure class=\"wp-block-image size-large\"><img loading=\"lazy\" decoding=\"async\" width=\"1024\" height=\"917\" src=\"https:\/\/crowder.live\/wp-content\/uploads\/2023\/06\/vectorstock_31584055_transparent-1024x917.png\" alt=\"\" class=\"wp-image-305\" srcset=\"https:\/\/crowder.live\/wp-content\/uploads\/2023\/06\/vectorstock_31584055_transparent-1024x917.png 1024w, https:\/\/crowder.live\/wp-content\/uploads\/2023\/06\/vectorstock_31584055_transparent-300x269.png 300w, https:\/\/crowder.live\/wp-content\/uploads\/2023\/06\/vectorstock_31584055_transparent-768x687.png 768w, https:\/\/crowder.live\/wp-content\/uploads\/2023\/06\/vectorstock_31584055_transparent-1536x1375.png 1536w, https:\/\/crowder.live\/wp-content\/uploads\/2023\/06\/vectorstock_31584055_transparent-2048x1833.png 2048w, https:\/\/crowder.live\/wp-content\/uploads\/2023\/06\/vectorstock_31584055_transparent-1200x1074.png 1200w, https:\/\/crowder.live\/wp-content\/uploads\/2023\/06\/vectorstock_31584055_transparent-1980x1772.png 1980w, https:\/\/crowder.live\/wp-content\/uploads\/2023\/06\/vectorstock_31584055_transparent-1320x1182.png 1320w\" sizes=\"auto, (max-width: 1024px) 100vw, 1024px\" \/><\/figure>\n<\/div>\n\n\n\n<div id=\"wp-block-themeisle-blocks-advanced-column-cea053c5\" class=\"wp-block-themeisle-blocks-advanced-column\">\n<h2 class=\"wp-block-heading has-accent-color has-text-color\">Eventsoftware. Ma\u00dfgeschneidert.<\/h2>\n\n\n\n<p class=\"has-text-align-left\">Wir entwickeln f\u00fcr Sie die passende Webanwendungen &#8211; ob f\u00fcr Veranstaltungs-, Musik- oder Plattformformate. Unser Entwicklerteam steht f\u00fcr agile Softwareentwicklung nach modernsten Entwicklungsstandards.<\/p>\n\n\n\n<p class=\"has-text-align-left\">Gern erstellen wir Ihnen ein auf Sie zugeschnittenes Angebot: <a href=\"mailto:contact@crowder.live\">contact@crowder.live<\/a><\/p>\n<\/div>\n<\/div><\/div>\n","protected":false},"excerpt":{"rendered":"","protected":false},"author":1,"featured_media":0,"parent":0,"menu_order":0,"comment_status":"closed","ping_status":"closed","template":"tw-no-title.php","meta":{"_themeisle_gutenberg_block_has_review":false,"footnotes":""},"class_list":["post-9","page","type-page","status-publish","hentry"],"_links":{"self":[{"href":"https:\/\/crowder.live\/index.php\/wp-json\/wp\/v2\/pages\/9","targetHints":{"allow":["GET"]}}],"collection":[{"href":"https:\/\/crowder.live\/index.php\/wp-json\/wp\/v2\/pages"}],"about":[{"href":"https:\/\/crowder.live\/index.php\/wp-json\/wp\/v2\/types\/page"}],"author":[{"embeddable":true,"href":"https:\/\/crowder.live\/index.php\/wp-json\/wp\/v2\/users\/1"}],"replies":[{"embeddable":true,"href":"https:\/\/crowder.live\/index.php\/wp-json\/wp\/v2\/comments?post=9"}],"version-history":[{"count":52,"href":"https:\/\/crowder.live\/index.php\/wp-json\/wp\/v2\/pages\/9\/revisions"}],"predecessor-version":[{"id":389,"href":"https:\/\/crowder.live\/index.php\/wp-json\/wp\/v2\/pages\/9\/revisions\/389"}],"wp:attachment":[{"href":"https:\/\/crowder.live\/index.php\/wp-json\/wp\/v2\/media?parent=9"}],"curies":[{"name":"wp","href":"https:\/\/api.w.org\/{rel}","templated":true}]}}