{"id":312,"date":"2023-06-21T19:15:41","date_gmt":"2023-06-21T17:15:41","guid":{"rendered":"https:\/\/crowder.live\/?page_id=312"},"modified":"2026-04-15T23:37:47","modified_gmt":"2026-04-15T21:37:47","slug":"referenzen","status":"publish","type":"page","link":"https:\/\/crowder.live\/index.php\/referenzen\/","title":{"rendered":"Referenzen"},"content":{"rendered":"\n<div id=\"wp-block-themeisle-blocks-advanced-columns-18b4aef4\" class=\"wp-block-themeisle-blocks-advanced-columns has-2-columns has-desktop-twoOne-layout has-tablet-equal-layout has-mobile-collapsedRows-layout has-vertical-center has-default-gap\"><div class=\"wp-block-themeisle-blocks-advanced-columns-overlay\"><\/div><div class=\"innerblocks-wrap\">\n<div id=\"wp-block-themeisle-blocks-advanced-column-9c0818ab\" class=\"wp-block-themeisle-blocks-advanced-column\">\n<h2 class=\"wp-block-heading has-accent-color has-text-color has-larger-font-size\">Messe E-World, D\u00fcsseldorf<\/h2>\n\n\n\n<blockquote class=\"wp-block-quote is-layout-flow wp-block-quote-is-layout-flow\">\n<p class=\"has-text-align-right\">&#8222;Wir haben mit Crowder eine dreit\u00e4gige, <strong>hochkar\u00e4tig besetzte Digitalveranstaltung<\/strong> inklusive Verdolmetschung (DE&lt;&gt;EN) durchgef\u00fchrt. Sowohl Vor- und Nachbereitung als auch die Durchf\u00fchrung der beiden Streams hat <strong>hervorragend geklappt<\/strong>.<\/p>\n\n\n\n<p class=\"has-text-align-right\">Crowder k\u00f6nnen wir f\u00fcr die Organisation von Livestreams und besonders von verdolmetschten Veranstaltungen uneingeschr\u00e4nkt empfehlen.<\/p>\n\n\n\n<p class=\"has-text-align-right\">Wir freuen uns auf die n\u00e4chste Zusammenarbeit!&#8220;<\/p>\n<\/blockquote>\n<\/div>\n\n\n\n<div id=\"wp-block-themeisle-blocks-advanced-column-5f8918b0\" class=\"wp-block-themeisle-blocks-advanced-column animated slideInRight\">\n<figure class=\"wp-block-image size-full\"><img loading=\"lazy\" decoding=\"async\" width=\"300\" height=\"300\" src=\"https:\/\/crowder.live\/wp-content\/uploads\/2023\/06\/AnneBuers.png\" alt=\"\" class=\"wp-image-256\" srcset=\"https:\/\/crowder.live\/wp-content\/uploads\/2023\/06\/AnneBuers.png 300w, https:\/\/crowder.live\/wp-content\/uploads\/2023\/06\/AnneBuers-150x150.png 150w\" sizes=\"auto, (max-width: 300px) 100vw, 300px\" \/><\/figure>\n\n\n\n<p class=\"has-text-align-center has-small-font-size\"><a href=\"https:\/\/www.linkedin.com\/in\/anne-buers-443615171\/\" target=\"_blank\" rel=\"noreferrer noopener\">Anne Buers<\/a>,<br><a rel=\"noreferrer noopener\" href=\"https:\/\/www.e-world-essen.com\/de\/\" target=\"_blank\">E-World Messe<\/a><br><br>02\/2023<\/p>\n<\/div>\n<\/div><\/div>\n\n\n\n<div id=\"wp-block-themeisle-blocks-advanced-columns-c266ba73\" class=\"wp-block-themeisle-blocks-advanced-columns has-2-columns has-desktop-equal-layout has-tablet-collapsedRows-layout has-mobile-collapsedRows-layout has-reverse-columns-tablet has-reverse-columns-mobile has-vertical-center has-default-gap\"><div class=\"wp-block-themeisle-blocks-advanced-columns-overlay\"><\/div><div class=\"innerblocks-wrap\">\n<div id=\"wp-block-themeisle-blocks-advanced-column-1b8a576a\" class=\"wp-block-themeisle-blocks-advanced-column animated slideInLeft\">\n<figure class=\"wp-block-image size-full\"><img loading=\"lazy\" decoding=\"async\" width=\"300\" height=\"300\" src=\"https:\/\/crowder.live\/wp-content\/uploads\/2023\/06\/CelinePizzotti.png\" alt=\"\" class=\"wp-image-259\" srcset=\"https:\/\/crowder.live\/wp-content\/uploads\/2023\/06\/CelinePizzotti.png 300w, https:\/\/crowder.live\/wp-content\/uploads\/2023\/06\/CelinePizzotti-150x150.png 150w\" sizes=\"auto, (max-width: 300px) 100vw, 300px\" \/><\/figure>\n\n\n\n<p class=\"has-text-align-center has-small-font-size\"><a href=\"https:\/\/www.linkedin.com\/in\/c\u00e9line-pizzotti-776b695\/\" target=\"_blank\" rel=\"noreferrer noopener\">C\u00e9line Pizzotti<\/a>, <br><a href=\"https:\/\/energie-fr-de.eu\/de\/startseite.html\" target=\"_blank\" rel=\"noreferrer noopener\">DFBEW<\/a><br><br>08\/2022<\/p>\n<\/div>\n\n\n\n<div id=\"wp-block-themeisle-blocks-advanced-column-9b701bbd\" class=\"wp-block-themeisle-blocks-advanced-column\">\n<h2 class=\"wp-block-heading has-text-align-right has-accent-color has-text-color has-larger-font-size\">Deutsch-Franz\u00f6sisches B\u00fcro f\u00fcr die Energiewende, Paris<\/h2>\n\n\n\n<blockquote class=\"wp-block-quote is-style-default is-layout-flow wp-block-quote-is-layout-flow\">\n<p>&#8222;Ich habe schon viele Online-Konferenzen mit crowder durchgef\u00fchrt und bin <strong>mehr als Zufrieden<\/strong> mit der technischen Beratung und Begleitung, die ich sehr weiterempfehle.&#8220;<\/p>\n<\/blockquote>\n<\/div>\n<\/div><\/div>\n\n\n\n<div id=\"wp-block-themeisle-blocks-advanced-columns-61e244ce\" class=\"wp-block-themeisle-blocks-advanced-columns has-2-columns has-desktop-twoOne-layout has-tablet-equal-layout has-mobile-collapsedRows-layout has-vertical-unset has-default-gap\"><div class=\"wp-block-themeisle-blocks-advanced-columns-overlay\"><\/div><div class=\"innerblocks-wrap\">\n<div id=\"wp-block-themeisle-blocks-advanced-column-77ba9d5b\" class=\"wp-block-themeisle-blocks-advanced-column\">\n<h2 class=\"wp-block-heading has-accent-color has-text-color has-larger-font-size\">World Health Summit, Berlin<\/h2>\n\n\n\n<blockquote class=\"wp-block-quote is-layout-flow wp-block-quote-is-layout-flow\">\n<p>&#8222;Das Team von Crowder hat eine <strong>unglaubliche Meisterleistung an technischer Brillanz<\/strong>, guter Laune und Flexibilit\u00e4t auf die Beine gestellt, um uns bei der Organisation eines <strong>Hybrid-Events auf hohem Niveau<\/strong> beim Berlin World Health Summit zu unterst\u00fctzen.<\/p>\n\n\n\n<p>Mit kurzfristigen, begrenzten Informationen und Standortbeschr\u00e4nkungen boten sie eine nahtlose, reibungslose und professionelle Einrichtung &#8211; bei weitem das Beste, was ich bei einer Hybridveranstaltung erlebt habe. <\/p>\n\n\n\n<p>Ich freue mich darauf, wieder mit ihnen zusammenzuarbeiten und kann sie <strong>von ganzem Herzen weiterempfehlen<\/strong>. Danke sch\u00f6n!&#8220;<\/p>\n<\/blockquote>\n<\/div>\n\n\n\n<div id=\"wp-block-themeisle-blocks-advanced-column-507858f7\" class=\"wp-block-themeisle-blocks-advanced-column animated slideInRight\">\n<figure class=\"wp-block-image size-full\"><img loading=\"lazy\" decoding=\"async\" width=\"300\" height=\"300\" src=\"https:\/\/crowder.live\/wp-content\/uploads\/2023\/06\/Gonzales.png\" alt=\"\" class=\"wp-image-260\" srcset=\"https:\/\/crowder.live\/wp-content\/uploads\/2023\/06\/Gonzales.png 300w, https:\/\/crowder.live\/wp-content\/uploads\/2023\/06\/Gonzales-150x150.png 150w\" sizes=\"auto, (max-width: 300px) 100vw, 300px\" \/><\/figure>\n\n\n\n<p class=\"has-text-align-center has-small-font-size\"><a href=\"https:\/\/www.linkedin.com\/in\/andreea-petre-goncalves-1a2336120\/\" target=\"_blank\" rel=\"noreferrer noopener\">Andreea Petre Goncalves<\/a>,<br><a rel=\"noreferrer noopener\" href=\"https:\/\/www.worldhealthsummit.org\" target=\"_blank\">World Health Summit<\/a><br><br>03\/2022<\/p>\n<\/div>\n<\/div><\/div>\n","protected":false},"excerpt":{"rendered":"","protected":false},"author":2,"featured_media":0,"parent":0,"menu_order":0,"comment_status":"closed","ping_status":"closed","template":"","meta":{"_themeisle_gutenberg_block_has_review":false,"footnotes":""},"class_list":["post-312","page","type-page","status-publish","hentry"],"_links":{"self":[{"href":"https:\/\/crowder.live\/index.php\/wp-json\/wp\/v2\/pages\/312","targetHints":{"allow":["GET"]}}],"collection":[{"href":"https:\/\/crowder.live\/index.php\/wp-json\/wp\/v2\/pages"}],"about":[{"href":"https:\/\/crowder.live\/index.php\/wp-json\/wp\/v2\/types\/page"}],"author":[{"embeddable":true,"href":"https:\/\/crowder.live\/index.php\/wp-json\/wp\/v2\/users\/2"}],"replies":[{"embeddable":true,"href":"https:\/\/crowder.live\/index.php\/wp-json\/wp\/v2\/comments?post=312"}],"version-history":[{"count":12,"href":"https:\/\/crowder.live\/index.php\/wp-json\/wp\/v2\/pages\/312\/revisions"}],"predecessor-version":[{"id":392,"href":"https:\/\/crowder.live\/index.php\/wp-json\/wp\/v2\/pages\/312\/revisions\/392"}],"wp:attachment":[{"href":"https:\/\/crowder.live\/index.php\/wp-json\/wp\/v2\/media?parent=312"}],"curies":[{"name":"wp","href":"https:\/\/api.w.org\/{rel}","templated":true}]}}