{"id":110,"date":"2020-07-26T15:02:12","date_gmt":"2020-07-26T13:02:12","guid":{"rendered":"https:\/\/crowder.live\/?page_id=110"},"modified":"2024-11-14T18:15:42","modified_gmt":"2024-11-14T16:15:42","slug":"impressum","status":"publish","type":"page","link":"https:\/\/crowder.live\/index.php\/impressum\/","title":{"rendered":"Impressum"},"content":{"rendered":"\n<div class=\"wp-block-columns is-layout-flex wp-container-core-columns-is-layout-d0b3c9c8 wp-block-columns-is-layout-flex\">\n<div class=\"wp-block-column animated slideInLeft is-layout-flow wp-block-column-is-layout-flow\" style=\"--col-width:33.33%;flex-basis:33.33%\">\n<h2 id=\"wp-block-themeisle-blocks-advanced-heading-581ab99e\" class=\"wp-block-themeisle-blocks-advanced-heading wp-block-themeisle-blocks-advanced-heading-581ab99e\">Impressum<\/h2>\n<\/div>\n\n\n\n<div class=\"wp-block-column animated slideInRight is-layout-flow wp-block-column-is-layout-flow\" style=\"--col-width:66.66%;flex-basis:66.66%\">\n<h1 class=\"wp-block-heading has-larger-font-size\">Diensteanbieter<\/h1>\n\n\n\n<p>Valentin Herkt<br>Eylauer Str. 7<br>10965 Berlin<br>Deutschland<\/p>\n\n\n\n<h1 class=\"wp-block-heading has-large-font-size\" id=\"m56\">Kontaktm\u00f6glichkeiten<\/h1>\n\n\n\n<p>E-Mail-Adresse: <a href=\"mailto:legal@crowder.live\">legal@crowder.live<\/a><br>Kontaktformular: <a href=\"https:\/\/crowder.live\/index.php\/contact\/\" data-type=\"page\" data-id=\"10\" target=\"_blank\" rel=\"noreferrer noopener\">https:\/\/crowder.live\/contact<\/a><\/p>\n\n\n\n<p><\/p>\n\n\n\n<h1 class=\"wp-block-heading has-large-font-size\" id=\"Impress\">Haftungs- und Schutzrechtshinweise<\/h1>\n\n\n\n<p>Haftungsausschluss:<br>Die Inhalte dieses Onlineangebotes wurden sorgf\u00e4ltig und nach unserem aktuellen Kenntnisstand erstellt, dienen jedoch nur der Information und entfalten keine rechtlich bindende Wirkung, sofern es sich nicht um gesetzlich verpflichtende Informationen (z.B. das Impressum, die Datenschutzerkl\u00e4rung, AGB oder verpflichtende Belehrungen von Verbrauchern) handelt. Wir behalten uns vor, die Inhalte vollst\u00e4ndig oder teilweise zu \u00e4ndern oder zu l\u00f6schen, soweit vertragliche Verpflichtungen unber\u00fchrt bleiben. Alle Angebote sind freibleibend und unverbindlich.<\/p>\n\n\n\n<p>Links auf fremde Webseiten: <br>Inhalte fremder Webseiten, auf die wir direkt oder indirekt verweisen, liegen au\u00dferhalb unseres Verantwortungsbereiches und machen wir uns nicht zu Eigen. F\u00fcr alle Inhalte und insbesondere f\u00fcr Sch\u00e4den, die aus der Nutzung der in den verlinkten Webseiten aufrufbaren Informationen entstehen, haftet allein der Anbieter der verlinkten Webseiten.<\/p>\n\n\n\n<p>Urheberrechte und Markenrechte:<br>Alle auf dieser Website dargestellten Inhalte, wie Texte, Fotografien, Grafiken, Marken und Warenzeichen sind durch die jeweiligen Schutzrechte (Urheberrechte, Markenrechte) gesch\u00fctzt. Die Verwendung, Vervielf\u00e4ltigung usw. unterliegen unseren Rechten oder den Rechten der jeweiligen Urheber bzw. Rechteverwalter.<\/p>\n\n\n\n<p>Hinweise auf Rechtsverst\u00f6\u00dfe: <br>Sollten Sie innerhalb unseres Internetauftritts Rechtsverst\u00f6\u00dfe bemerken, bitten wir Sie uns auf diese hinzuweisen. Wir werden rechtswidrige Inhalte und Links nach Kenntnisnahme unverz\u00fcglich entfernen.<\/p>\n\n\n\n<p><a href=\"https:\/\/datenschutz-generator.de\/?l=de\" target=\"_blank\" rel=\"noreferrer noopener\">Erstellt mit kostenlosem Datenschutz-Generator.de von Dr. Thomas Schwenke<\/a><\/p>\n<\/div>\n<\/div>\n\n\n\n<p><\/p>\n","protected":false},"excerpt":{"rendered":"<p>Diensteanbieter Valentin HerktEylauer Str. 710965 BerlinDeutschland Kontaktm\u00f6glichkeiten E-Mail-Adresse: legal@crowder.liveKontaktformular: https:\/\/crowder.live\/contact Haftungs- und Schutzrechtshinweise Haftungsausschluss:Die Inhalte dieses Onlineangebotes wurden sorgf\u00e4ltig und nach unserem aktuellen Kenntnisstand erstellt, dienen jedoch nur der Information und entfalten keine rechtlich bindende Wirkung, sofern es sich nicht um gesetzlich verpflichtende Informationen (z.B. das Impressum, die Datenschutzerkl\u00e4rung, AGB oder verpflichtende Belehrungen von Verbrauchern)&hellip;<\/p>\n","protected":false},"author":1,"featured_media":0,"parent":0,"menu_order":0,"comment_status":"closed","ping_status":"closed","template":"tw-no-title.php","meta":{"_themeisle_gutenberg_block_has_review":false,"footnotes":""},"class_list":["post-110","page","type-page","status-publish","hentry"],"_links":{"self":[{"href":"https:\/\/crowder.live\/index.php\/wp-json\/wp\/v2\/pages\/110","targetHints":{"allow":["GET"]}}],"collection":[{"href":"https:\/\/crowder.live\/index.php\/wp-json\/wp\/v2\/pages"}],"about":[{"href":"https:\/\/crowder.live\/index.php\/wp-json\/wp\/v2\/types\/page"}],"author":[{"embeddable":true,"href":"https:\/\/crowder.live\/index.php\/wp-json\/wp\/v2\/users\/1"}],"replies":[{"embeddable":true,"href":"https:\/\/crowder.live\/index.php\/wp-json\/wp\/v2\/comments?post=110"}],"version-history":[{"count":11,"href":"https:\/\/crowder.live\/index.php\/wp-json\/wp\/v2\/pages\/110\/revisions"}],"predecessor-version":[{"id":375,"href":"https:\/\/crowder.live\/index.php\/wp-json\/wp\/v2\/pages\/110\/revisions\/375"}],"wp:attachment":[{"href":"https:\/\/crowder.live\/index.php\/wp-json\/wp\/v2\/media?parent=110"}],"curies":[{"name":"wp","href":"https:\/\/api.w.org\/{rel}","templated":true}]}}